{"id":6592,"date":"2024-12-12T14:53:02","date_gmt":"2024-12-12T14:53:02","guid":{"rendered":"https:\/\/www.ateliermseguin.com\/?page_id=6592"},"modified":"2024-12-19T16:46:51","modified_gmt":"2024-12-19T16:46:51","slug":"livraison","status":"publish","type":"page","link":"https:\/\/www.ateliermseguin.com\/en\/livraison\/","title":{"rendered":""},"content":{"rendered":"<div data-elementor-type=\"wp-page\" data-elementor-id=\"6592\" class=\"elementor elementor-6592\">\n\t\t\t\t<div class=\"elementor-element elementor-element-69afcb67 e-flex e-con-boxed e-con e-parent\" data-id=\"69afcb67\" data-element_type=\"container\">\n\t\t\t\t\t<div class=\"e-con-inner\">\n\t\t<div class=\"elementor-element elementor-element-19a083b0 e-con-full e-flex e-con e-child\" data-id=\"19a083b0\" data-element_type=\"container\">\n\t\t\t\t<div class=\"elementor-element elementor-element-1f187cff titre elementor-widget elementor-widget-text-editor\" data-id=\"1f187cff\" data-element_type=\"widget\" data-widget_type=\"text-editor.default\">\n\t\t\t\t<div class=\"elementor-widget-container\">\n\t\t\t\t\t\t\t<p>Logistics<\/p>\t\t\t\t\t\t<\/div>\n\t\t\t\t<\/div>\n\t\t\t\t<\/div>\n\t\t\t\t\t<\/div>\n\t\t\t\t<\/div>\n\t\t<div class=\"elementor-element elementor-element-2d58f51 e-grid e-con-boxed e-con e-parent\" data-id=\"2d58f51\" data-element_type=\"container\">\n\t\t\t\t\t<div class=\"e-con-inner\">\n\t\t<div class=\"elementor-element elementor-element-3941b2a3 e-con-full e-flex e-con e-child\" data-id=\"3941b2a3\" data-element_type=\"container\">\n\t\t\t\t<div class=\"elementor-element elementor-element-15a2a87 m-neuron-nav-menu--vertical m-neuron-nav-menu--breakpoint-none m-neuron-nav-menu__pointer-none m-neuron-nav-menu--indicator-angle m-neuron-nav-menu--stretch elementor-widget elementor-widget-neuron-nav-menu\" data-id=\"15a2a87\" data-element_type=\"widget\" data-widget_type=\"neuron-nav-menu.default\">\n\t\t\t\t<div class=\"elementor-widget-container\">\n\t\t\t\t\t\t\t<nav class=\"m-neuron-nav-menu\" id=\"m-neuron-nav-menu--id-3-15a2a87\"><ul id=\"menu-1-15a2a87\" class=\"m-neuron-nav-menu__list\"><li id=\"menu-item-6610\" class=\"em menu-item menu-item-type-post_type menu-item-object-page menu-item-6610\"><a href=\"https:\/\/www.ateliermseguin.com\/en\/emballage\/\">Packaging<\/a><\/li>\n<li id=\"menu-item-6608\" class=\"ex menu-item menu-item-type-post_type menu-item-object-page menu-item-6608\"><a href=\"https:\/\/www.ateliermseguin.com\/en\/expedition\/\">Shipping<\/a><\/li>\n<li id=\"menu-item-6607\" class=\"in menu-item menu-item-type-post_type menu-item-object-page menu-item-6607\"><a href=\"https:\/\/www.ateliermseguin.com\/en\/installation\/\">Installation<\/a><\/li>\n<\/ul><\/nav>\r\n\t\t\t\t<nav class=\"m-neuron-nav-menu--mobile\" id=\"m-neuron-nav-menu--mobile--id-15a2a87\">\r\n\t\t\t\t\t<div class=\"m-neuron-nav-menu__hamburger-holder\">\r\n\t\t\t\t\t\t<a href=\"#\" class=\"m-neuron-nav-menu__hamburger\">\r\n\t\t\t\t\t\t\t<svg style=\"enable-background:new 0 0 139 139;\" version=\"1.1\" viewbox=\"0 0 139 139\" xml:space=\"preserve\" xmlns=\"http:\/\/www.w3.org\/2000\/svg\" xmlns:xlink=\"http:\/\/www.w3.org\/1999\/xlink\"><line class=\"st0\" x1=\"26.5\" x2=\"112.5\" y1=\"46.3\" y2=\"46.3\"\/><line class=\"st0\" x1=\"26.5\" x2=\"112.5\" y1=\"92.7\" y2=\"92.7\"\/><line class=\"st0\" x1=\"26.5\" x2=\"112.5\" y1=\"69.5\" y2=\"69.5\"\/><\/svg>\r\n\t\t\t\t\t\t<\/a>\r\n\t\t\t\t\t<\/div>\r\n\t\t\t\t\t<ul id=\"menu-2-15a2a87\" class=\"m-neuron-nav-menu__list\"><li class=\"em menu-item menu-item-type-post_type menu-item-object-page menu-item-6610\"><a href=\"https:\/\/www.ateliermseguin.com\/en\/emballage\/\">Packaging<\/a><\/li>\n<li class=\"ex menu-item menu-item-type-post_type menu-item-object-page menu-item-6608\"><a href=\"https:\/\/www.ateliermseguin.com\/en\/expedition\/\">Shipping<\/a><\/li>\n<li class=\"in menu-item menu-item-type-post_type menu-item-object-page menu-item-6607\"><a href=\"https:\/\/www.ateliermseguin.com\/en\/installation\/\">Installation<\/a><\/li>\n<\/ul>\t\t\t\t<\/nav>\r\n\t\t\t\t\t<\/div>\n\t\t\t\t<\/div>\n\t\t\t\t<div class=\"elementor-element elementor-element-109f0132 para elementor-widget elementor-widget-text-editor\" data-id=\"109f0132\" data-element_type=\"widget\" data-widget_type=\"text-editor.default\">\n\t\t\t\t<div class=\"elementor-widget-container\">\n\t\t\t\t\t\t\tExecuting time sensitive deliveries properly and securely.\t\t\t\t\t\t<\/div>\n\t\t\t\t<\/div>\n\t\t\t\t<div class=\"elementor-element elementor-element-1091a772 elementor-icon-list--layout-traditional elementor-list-item-link-full_width elementor-widget elementor-widget-icon-list\" data-id=\"1091a772\" data-element_type=\"widget\" data-widget_type=\"icon-list.default\">\n\t\t\t\t<div class=\"elementor-widget-container\">\n\t\t\t\t\t<ul class=\"elementor-icon-list-items\">\n\t\t\t\t\t\t\t<li class=\"elementor-icon-list-item\">\n\t\t\t\t\t\t\t\t\t\t\t<span class=\"elementor-icon-list-icon\">\n\t\t\t\t\t\t\t<svg aria-hidden=\"true\" class=\"e-font-icon-svg e-fas-arrow-right\" viewbox=\"0 0 448 512\" xmlns=\"http:\/\/www.w3.org\/2000\/svg\"><path d=\"M190.5 66.9l22.2-22.2c9.4-9.4 24.6-9.4 33.9 0L441 239c9.4 9.4 9.4 24.6 0 33.9L246.6 467.3c-9.4 9.4-24.6 9.4-33.9 0l-22.2-22.2c-9.5-9.5-9.3-25 .4-34.3L311.4 296H24c-13.3 0-24-10.7-24-24v-32c0-13.3 10.7-24 24-24h287.4L190.9 101.2c-9.8-9.3-10-24.8-.4-34.3z\"><\/path><\/svg>\t\t\t\t\t\t<\/span>\n\t\t\t\t\t\t\t\t\t\t<span class=\"elementor-icon-list-text\">Local and international shipping<\/span>\n\t\t\t\t\t\t\t\t\t<\/li>\n\t\t\t\t\t\t\t\t<li class=\"elementor-icon-list-item\">\n\t\t\t\t\t\t\t\t\t\t\t<span class=\"elementor-icon-list-icon\">\n\t\t\t\t\t\t\t<svg aria-hidden=\"true\" class=\"e-font-icon-svg e-fas-arrow-right\" viewbox=\"0 0 448 512\" xmlns=\"http:\/\/www.w3.org\/2000\/svg\"><path d=\"M190.5 66.9l22.2-22.2c9.4-9.4 24.6-9.4 33.9 0L441 239c9.4 9.4 9.4 24.6 0 33.9L246.6 467.3c-9.4 9.4-24.6 9.4-33.9 0l-22.2-22.2c-9.5-9.5-9.3-25 .4-34.3L311.4 296H24c-13.3 0-24-10.7-24-24v-32c0-13.3 10.7-24 24-24h287.4L190.9 101.2c-9.8-9.3-10-24.8-.4-34.3z\"><\/path><\/svg>\t\t\t\t\t\t<\/span>\n\t\t\t\t\t\t\t\t\t\t<span class=\"elementor-icon-list-text\">Customs clearance<\/span>\n\t\t\t\t\t\t\t\t\t<\/li>\n\t\t\t\t\t\t\t\t<li class=\"elementor-icon-list-item\">\n\t\t\t\t\t\t\t\t\t\t\t<span class=\"elementor-icon-list-icon\">\n\t\t\t\t\t\t\t<svg aria-hidden=\"true\" class=\"e-font-icon-svg e-fas-arrow-right\" viewbox=\"0 0 448 512\" xmlns=\"http:\/\/www.w3.org\/2000\/svg\"><path d=\"M190.5 66.9l22.2-22.2c9.4-9.4 24.6-9.4 33.9 0L441 239c9.4 9.4 9.4 24.6 0 33.9L246.6 467.3c-9.4 9.4-24.6 9.4-33.9 0l-22.2-22.2c-9.5-9.5-9.3-25 .4-34.3L311.4 296H24c-13.3 0-24-10.7-24-24v-32c0-13.3 10.7-24 24-24h287.4L190.9 101.2c-9.8-9.3-10-24.8-.4-34.3z\"><\/path><\/svg>\t\t\t\t\t\t<\/span>\n\t\t\t\t\t\t\t\t\t\t<span class=\"elementor-icon-list-text\">Time specific deliveries<\/span>\n\t\t\t\t\t\t\t\t\t<\/li>\n\t\t\t\t\t\t\t\t<li class=\"elementor-icon-list-item\">\n\t\t\t\t\t\t\t\t\t\t\t<span class=\"elementor-icon-list-icon\">\n\t\t\t\t\t\t\t<svg aria-hidden=\"true\" class=\"e-font-icon-svg e-fas-arrow-right\" viewbox=\"0 0 448 512\" xmlns=\"http:\/\/www.w3.org\/2000\/svg\"><path d=\"M190.5 66.9l22.2-22.2c9.4-9.4 24.6-9.4 33.9 0L441 239c9.4 9.4 9.4 24.6 0 33.9L246.6 467.3c-9.4 9.4-24.6 9.4-33.9 0l-22.2-22.2c-9.5-9.5-9.3-25 .4-34.3L311.4 296H24c-13.3 0-24-10.7-24-24v-32c0-13.3 10.7-24 24-24h287.4L190.9 101.2c-9.8-9.3-10-24.8-.4-34.3z\"><\/path><\/svg>\t\t\t\t\t\t<\/span>\n\t\t\t\t\t\t\t\t\t\t<span class=\"elementor-icon-list-text\">Direct delivery to site<\/span>\n\t\t\t\t\t\t\t\t\t<\/li>\n\t\t\t\t\t\t\t\t<li class=\"elementor-icon-list-item\">\n\t\t\t\t\t\t\t\t\t\t\t<span class=\"elementor-icon-list-icon\">\n\t\t\t\t\t\t\t<svg aria-hidden=\"true\" class=\"e-font-icon-svg e-fas-arrow-right\" viewbox=\"0 0 448 512\" xmlns=\"http:\/\/www.w3.org\/2000\/svg\"><path d=\"M190.5 66.9l22.2-22.2c9.4-9.4 24.6-9.4 33.9 0L441 239c9.4 9.4 9.4 24.6 0 33.9L246.6 467.3c-9.4 9.4-24.6 9.4-33.9 0l-22.2-22.2c-9.5-9.5-9.3-25 .4-34.3L311.4 296H24c-13.3 0-24-10.7-24-24v-32c0-13.3 10.7-24 24-24h287.4L190.9 101.2c-9.8-9.3-10-24.8-.4-34.3z\"><\/path><\/svg>\t\t\t\t\t\t<\/span>\n\t\t\t\t\t\t\t\t\t\t<span class=\"elementor-icon-list-text\">Tailgate service<\/span>\n\t\t\t\t\t\t\t\t\t<\/li>\n\t\t\t\t\t\t<\/ul>\n\t\t\t\t<\/div>\n\t\t\t\t<\/div>\n\t\t\t\t<\/div>\n\t\t\t\t<div class=\"elementor-element elementor-element-4b2487ac carousel elementor-widget elementor-widget-image-carousel\" data-id=\"4b2487ac\" data-element_type=\"widget\" data-settings=\"{&quot;slides_to_show&quot;:&quot;1&quot;,&quot;navigation&quot;:&quot;none&quot;,&quot;infinite&quot;:&quot;yes&quot;,&quot;effect&quot;:&quot;slide&quot;,&quot;speed&quot;:500}\" data-widget_type=\"image-carousel.default\">\n\t\t\t\t<div class=\"elementor-widget-container\">\n\t\t\t\t\t<div class=\"elementor-image-carousel-wrapper swiper\" dir=\"ltr\">\n\t\t\t<div class=\"elementor-image-carousel swiper-wrapper\" aria-live=\"polite\">\n\t\t\t\t\t\t\t\t<div class=\"swiper-slide\" role=\"group\" aria-roledescription=\"slide\" aria-label=\"1 of 2\" data-no-translation-aria-label=\"\"><a data-elementor-open-lightbox=\"yes\" data-elementor-lightbox-slideshow=\"4b2487ac\" data-e-action-hash=\"#elementor-action%3Aaction%3Dlightbox%26settings%3DeyJpZCI6Njg2NiwidXJsIjoiaHR0cHM6XC9cL3d3dy5hdGVsaWVybXNlZ3Vpbi5jb21cL3dwLWNvbnRlbnRcL3VwbG9hZHNcLzIwMjRcLzEyXC9sbzA2LmpwZyIsInNsaWRlc2hvdyI6IjRiMjQ4N2FjIn0%3D\" href=\"https:\/\/www.ateliermseguin.com\/wp-content\/uploads\/2024\/12\/lo06.jpg\"><figure class=\"swiper-slide-inner\"><img decoding=\"async\" class=\"swiper-slide-image\" src=\"https:\/\/www.ateliermseguin.com\/wp-content\/uploads\/2024\/12\/lo06.jpg\" alt=\"lo06\" \/><\/figure><\/a><\/div><div class=\"swiper-slide\" role=\"group\" aria-roledescription=\"slide\" aria-label=\"2 of 2\" data-no-translation-aria-label=\"\"><a data-elementor-open-lightbox=\"yes\" data-elementor-lightbox-slideshow=\"4b2487ac\" data-e-action-hash=\"#elementor-action%3Aaction%3Dlightbox%26settings%3DeyJpZCI6Njg2NSwidXJsIjoiaHR0cHM6XC9cL3d3dy5hdGVsaWVybXNlZ3Vpbi5jb21cL3dwLWNvbnRlbnRcL3VwbG9hZHNcLzIwMjRcLzEyXC9sbzAxLmpwZyIsInNsaWRlc2hvdyI6IjRiMjQ4N2FjIn0%3D\" href=\"https:\/\/www.ateliermseguin.com\/wp-content\/uploads\/2024\/12\/lo01.jpg\"><figure class=\"swiper-slide-inner\"><img decoding=\"async\" class=\"swiper-slide-image\" src=\"https:\/\/www.ateliermseguin.com\/wp-content\/uploads\/2024\/12\/lo01.jpg\" alt=\"lo01\" \/><\/figure><\/a><\/div>\t\t\t<\/div>\n\t\t\t\t\t\t\t\n\t\t\t\t\t\t\t\t\t<\/div>\n\t\t\t\t<\/div>\n\t\t\t\t<\/div>\n\t\t\t\t\t<\/div>\n\t\t\t\t<\/div>\n\t\t\t\t<\/div>","protected":false},"excerpt":{"rendered":"<p>Logistique Emballage Livraison Exp\u00e9dition Installation Emballage Livraison Exp\u00e9dition Installation Pour assurer la livraison de mani\u00e8re appropri\u00e9e et s\u00e9curitaire. Exp\u00e9dition locale et internationale D\u00e9douanement Livraison \u00e0 un moment pr\u00e9cis Livraison directe sur place Service de hayon (Tailgate)<\/p>","protected":false},"author":1,"featured_media":0,"parent":0,"menu_order":0,"comment_status":"closed","ping_status":"closed","template":"","meta":{"footnotes":""},"class_list":["post-6592","page","type-page","status-publish","hentry"],"_links":{"self":[{"href":"https:\/\/www.ateliermseguin.com\/en\/wp-json\/wp\/v2\/pages\/6592","targetHints":{"allow":["GET"]}}],"collection":[{"href":"https:\/\/www.ateliermseguin.com\/en\/wp-json\/wp\/v2\/pages"}],"about":[{"href":"https:\/\/www.ateliermseguin.com\/en\/wp-json\/wp\/v2\/types\/page"}],"author":[{"embeddable":true,"href":"https:\/\/www.ateliermseguin.com\/en\/wp-json\/wp\/v2\/users\/1"}],"replies":[{"embeddable":true,"href":"https:\/\/www.ateliermseguin.com\/en\/wp-json\/wp\/v2\/comments?post=6592"}],"version-history":[{"count":10,"href":"https:\/\/www.ateliermseguin.com\/en\/wp-json\/wp\/v2\/pages\/6592\/revisions"}],"predecessor-version":[{"id":7376,"href":"https:\/\/www.ateliermseguin.com\/en\/wp-json\/wp\/v2\/pages\/6592\/revisions\/7376"}],"wp:attachment":[{"href":"https:\/\/www.ateliermseguin.com\/en\/wp-json\/wp\/v2\/media?parent=6592"}],"curies":[{"name":"wp","href":"https:\/\/api.w.org\/{rel}","templated":true}]}}