{"id":6568,"date":"2024-12-12T14:42:02","date_gmt":"2024-12-12T14:42:02","guid":{"rendered":"https:\/\/www.ateliermseguin.com\/?page_id=6568"},"modified":"2025-04-04T18:09:36","modified_gmt":"2025-04-04T18:09:36","slug":"encadrement","status":"publish","type":"page","link":"https:\/\/www.ateliermseguin.com\/en\/encadrement\/","title":{"rendered":""},"content":{"rendered":"<div data-elementor-type=\"wp-page\" data-elementor-id=\"6568\" class=\"elementor elementor-6568\">\n\t\t\t\t<div class=\"elementor-element elementor-element-616c79c5 e-flex e-con-boxed e-con e-parent\" data-id=\"616c79c5\" data-element_type=\"container\">\n\t\t\t\t\t<div class=\"e-con-inner\">\n\t\t<div class=\"elementor-element elementor-element-49d15ff9 e-con-full e-flex e-con e-child\" data-id=\"49d15ff9\" data-element_type=\"container\">\n\t\t\t\t<div class=\"elementor-element elementor-element-7ce2e5dc titre elementor-widget elementor-widget-text-editor\" data-id=\"7ce2e5dc\" data-element_type=\"widget\" data-widget_type=\"text-editor.default\">\n\t\t\t\t<div class=\"elementor-widget-container\">\n\t\t\t\t\t\t\t<p>Framing<\/p>\t\t\t\t\t\t<\/div>\n\t\t\t\t<\/div>\n\t\t\t\t<\/div>\n\t\t\t\t\t<\/div>\n\t\t\t\t<\/div>\n\t\t<div class=\"elementor-element elementor-element-aac49e0 e-grid e-con-boxed e-con e-parent\" data-id=\"aac49e0\" data-element_type=\"container\">\n\t\t\t\t\t<div class=\"e-con-inner\">\n\t\t<div class=\"elementor-element elementor-element-553f6f72 e-con-full e-flex e-con e-child\" data-id=\"553f6f72\" data-element_type=\"container\">\n\t\t\t\t<div class=\"elementor-element elementor-element-78cd2bfd para elementor-widget elementor-widget-text-editor\" data-id=\"78cd2bfd\" data-element_type=\"widget\" data-widget_type=\"text-editor.default\">\n\t\t\t\t<div class=\"elementor-widget-container\">\n\t\t\t\t\t\t\tAs your trusted printing partner, we\u2019re pleased to offer professional gallery framing services tailored for artists and galleries. In addition to our high-quality printing and mounting, we can frame your artwork with care, providing a simple yet thoughtful finishing touch.\t\t\t\t\t\t<\/div>\n\t\t\t\t<\/div>\n\t\t\t\t<div class=\"elementor-element elementor-element-372f95fd elementor-icon-list--layout-traditional elementor-list-item-link-full_width elementor-widget elementor-widget-icon-list\" data-id=\"372f95fd\" data-element_type=\"widget\" data-widget_type=\"icon-list.default\">\n\t\t\t\t<div class=\"elementor-widget-container\">\n\t\t\t\t\t<ul class=\"elementor-icon-list-items\">\n\t\t\t\t\t\t\t<li class=\"elementor-icon-list-item\">\n\t\t\t\t\t\t\t\t\t\t\t<span class=\"elementor-icon-list-icon\">\n\t\t\t\t\t\t\t<svg aria-hidden=\"true\" class=\"e-font-icon-svg e-fas-arrow-right\" viewbox=\"0 0 448 512\" xmlns=\"http:\/\/www.w3.org\/2000\/svg\"><path d=\"M190.5 66.9l22.2-22.2c9.4-9.4 24.6-9.4 33.9 0L441 239c9.4 9.4 9.4 24.6 0 33.9L246.6 467.3c-9.4 9.4-24.6 9.4-33.9 0l-22.2-22.2c-9.5-9.5-9.3-25 .4-34.3L311.4 296H24c-13.3 0-24-10.7-24-24v-32c0-13.3 10.7-24 24-24h287.4L190.9 101.2c-9.8-9.3-10-24.8-.4-34.3z\"><\/path><\/svg>\t\t\t\t\t\t<\/span>\n\t\t\t\t\t\t\t\t\t\t<span class=\"elementor-icon-list-text\">Gallery framing with acrylic or glass<\/span>\n\t\t\t\t\t\t\t\t\t<\/li>\n\t\t\t\t\t\t\t\t<li class=\"elementor-icon-list-item\">\n\t\t\t\t\t\t\t\t\t\t\t<span class=\"elementor-icon-list-icon\">\n\t\t\t\t\t\t\t<svg aria-hidden=\"true\" class=\"e-font-icon-svg e-fas-arrow-right\" viewbox=\"0 0 448 512\" xmlns=\"http:\/\/www.w3.org\/2000\/svg\"><path d=\"M190.5 66.9l22.2-22.2c9.4-9.4 24.6-9.4 33.9 0L441 239c9.4 9.4 9.4 24.6 0 33.9L246.6 467.3c-9.4 9.4-24.6 9.4-33.9 0l-22.2-22.2c-9.5-9.5-9.3-25 .4-34.3L311.4 296H24c-13.3 0-24-10.7-24-24v-32c0-13.3 10.7-24 24-24h287.4L190.9 101.2c-9.8-9.3-10-24.8-.4-34.3z\"><\/path><\/svg>\t\t\t\t\t\t<\/span>\n\t\t\t\t\t\t\t\t\t\t<span class=\"elementor-icon-list-text\">UV 70 Reflection Control Glass<\/span>\n\t\t\t\t\t\t\t\t\t<\/li>\n\t\t\t\t\t\t\t\t<li class=\"elementor-icon-list-item\">\n\t\t\t\t\t\t\t\t\t\t\t<span class=\"elementor-icon-list-icon\">\n\t\t\t\t\t\t\t<svg aria-hidden=\"true\" class=\"e-font-icon-svg e-fas-arrow-right\" viewbox=\"0 0 448 512\" xmlns=\"http:\/\/www.w3.org\/2000\/svg\"><path d=\"M190.5 66.9l22.2-22.2c9.4-9.4 24.6-9.4 33.9 0L441 239c9.4 9.4 9.4 24.6 0 33.9L246.6 467.3c-9.4 9.4-24.6 9.4-33.9 0l-22.2-22.2c-9.5-9.5-9.3-25 .4-34.3L311.4 296H24c-13.3 0-24-10.7-24-24v-32c0-13.3 10.7-24 24-24h287.4L190.9 101.2c-9.8-9.3-10-24.8-.4-34.3z\"><\/path><\/svg>\t\t\t\t\t\t<\/span>\n\t\t\t\t\t\t\t\t\t\t<span class=\"elementor-icon-list-text\">Clear or non-glare acrylic<\/span>\n\t\t\t\t\t\t\t\t\t<\/li>\n\t\t\t\t\t\t\t\t<li class=\"elementor-icon-list-item\">\n\t\t\t\t\t\t\t\t\t\t\t<span class=\"elementor-icon-list-icon\">\n\t\t\t\t\t\t\t<svg aria-hidden=\"true\" class=\"e-font-icon-svg e-fas-arrow-right\" viewbox=\"0 0 448 512\" xmlns=\"http:\/\/www.w3.org\/2000\/svg\"><path d=\"M190.5 66.9l22.2-22.2c9.4-9.4 24.6-9.4 33.9 0L441 239c9.4 9.4 9.4 24.6 0 33.9L246.6 467.3c-9.4 9.4-24.6 9.4-33.9 0l-22.2-22.2c-9.5-9.5-9.3-25 .4-34.3L311.4 296H24c-13.3 0-24-10.7-24-24v-32c0-13.3 10.7-24 24-24h287.4L190.9 101.2c-9.8-9.3-10-24.8-.4-34.3z\"><\/path><\/svg>\t\t\t\t\t\t<\/span>\n\t\t\t\t\t\t\t\t\t\t<span class=\"elementor-icon-list-text\">Finish options: black lacquer, white lacquer, or natural<\/span>\n\t\t\t\t\t\t\t\t\t<\/li>\n\t\t\t\t\t\t\t\t<li class=\"elementor-icon-list-item\">\n\t\t\t\t\t\t\t\t\t\t\t<span class=\"elementor-icon-list-icon\">\n\t\t\t\t\t\t\t<svg aria-hidden=\"true\" class=\"e-font-icon-svg e-fas-arrow-right\" viewbox=\"0 0 448 512\" xmlns=\"http:\/\/www.w3.org\/2000\/svg\"><path d=\"M190.5 66.9l22.2-22.2c9.4-9.4 24.6-9.4 33.9 0L441 239c9.4 9.4 9.4 24.6 0 33.9L246.6 467.3c-9.4 9.4-24.6 9.4-33.9 0l-22.2-22.2c-9.5-9.5-9.3-25 .4-34.3L311.4 296H24c-13.3 0-24-10.7-24-24v-32c0-13.3 10.7-24 24-24h287.4L190.9 101.2c-9.8-9.3-10-24.8-.4-34.3z\"><\/path><\/svg>\t\t\t\t\t\t<\/span>\n\t\t\t\t\t\t\t\t\t\t<span class=\"elementor-icon-list-text\">Custom colors available upon request<\/span>\n\t\t\t\t\t\t\t\t\t<\/li>\n\t\t\t\t\t\t<\/ul>\n\t\t\t\t<\/div>\n\t\t\t\t<\/div>\n\t\t\t\t<\/div>\n\t\t\t\t<div class=\"elementor-element elementor-element-37752652 carousel elementor-widget elementor-widget-image-carousel\" data-id=\"37752652\" data-element_type=\"widget\" data-settings=\"{&quot;slides_to_show&quot;:&quot;1&quot;,&quot;navigation&quot;:&quot;none&quot;,&quot;infinite&quot;:&quot;yes&quot;,&quot;effect&quot;:&quot;slide&quot;,&quot;speed&quot;:500}\" data-widget_type=\"image-carousel.default\">\n\t\t\t\t<div class=\"elementor-widget-container\">\n\t\t\t\t\t<div class=\"elementor-image-carousel-wrapper swiper\" dir=\"ltr\">\n\t\t\t<div class=\"elementor-image-carousel swiper-wrapper\" aria-live=\"polite\">\n\t\t\t\t\t\t\t\t<div class=\"swiper-slide\" role=\"group\" aria-roledescription=\"slide\" aria-label=\"1 of 8\"><a data-elementor-open-lightbox=\"yes\" data-elementor-lightbox-slideshow=\"37752652\" data-e-action-hash=\"#elementor-action%3Aaction%3Dlightbox%26settings%3DeyJpZCI6Njg0OSwidXJsIjoiaHR0cHM6XC9cL3d3dy5hdGVsaWVybXNlZ3Vpbi5jb21cL3dwLWNvbnRlbnRcL3VwbG9hZHNcLzIwMjRcLzEyXC9lbjAxLmpwZyIsInNsaWRlc2hvdyI6IjM3NzUyNjUyIn0%3D\" href=\"https:\/\/www.ateliermseguin.com\/wp-content\/uploads\/2024\/12\/en01.jpg\"><figure class=\"swiper-slide-inner\"><img decoding=\"async\" class=\"swiper-slide-image\" src=\"https:\/\/www.ateliermseguin.com\/wp-content\/uploads\/2024\/12\/en01.jpg\" alt=\"en01\" \/><\/figure><\/a><\/div><div class=\"swiper-slide\" role=\"group\" aria-roledescription=\"slide\" aria-label=\"2 of 8\"><a data-elementor-open-lightbox=\"yes\" data-elementor-lightbox-slideshow=\"37752652\" data-e-action-hash=\"#elementor-action%3Aaction%3Dlightbox%26settings%3DeyJpZCI6NzU4MCwidXJsIjoiaHR0cHM6XC9cL3d3dy5hdGVsaWVybXNlZ3Vpbi5jb21cL3dwLWNvbnRlbnRcL3VwbG9hZHNcLzIwMjVcLzAyXC9lbmNhMDEuanBnIiwic2xpZGVzaG93IjoiMzc3NTI2NTIifQ%3D%3D\" href=\"https:\/\/www.ateliermseguin.com\/wp-content\/uploads\/2025\/02\/enca01.jpg\"><figure class=\"swiper-slide-inner\"><img decoding=\"async\" class=\"swiper-slide-image\" src=\"https:\/\/www.ateliermseguin.com\/wp-content\/uploads\/2025\/02\/enca01.jpg\" alt=\"enca01\" \/><\/figure><\/a><\/div><div class=\"swiper-slide\" role=\"group\" aria-roledescription=\"slide\" aria-label=\"3 of 8\"><a data-elementor-open-lightbox=\"yes\" data-elementor-lightbox-slideshow=\"37752652\" data-e-action-hash=\"#elementor-action%3Aaction%3Dlightbox%26settings%3DeyJpZCI6Njg1MSwidXJsIjoiaHR0cHM6XC9cL3d3dy5hdGVsaWVybXNlZ3Vpbi5jb21cL3dwLWNvbnRlbnRcL3VwbG9hZHNcLzIwMjRcLzEyXC9lbjAzLmpwZyIsInNsaWRlc2hvdyI6IjM3NzUyNjUyIn0%3D\" href=\"https:\/\/www.ateliermseguin.com\/wp-content\/uploads\/2024\/12\/en03.jpg\"><figure class=\"swiper-slide-inner\"><img decoding=\"async\" class=\"swiper-slide-image\" src=\"https:\/\/www.ateliermseguin.com\/wp-content\/uploads\/2024\/12\/en03.jpg\" alt=\"en03\" \/><\/figure><\/a><\/div><div class=\"swiper-slide\" role=\"group\" aria-roledescription=\"slide\" aria-label=\"4 of 8\"><a data-elementor-open-lightbox=\"yes\" data-elementor-lightbox-slideshow=\"37752652\" data-e-action-hash=\"#elementor-action%3Aaction%3Dlightbox%26settings%3DeyJpZCI6Njg1MiwidXJsIjoiaHR0cHM6XC9cL3d3dy5hdGVsaWVybXNlZ3Vpbi5jb21cL3dwLWNvbnRlbnRcL3VwbG9hZHNcLzIwMjRcLzEyXC9lbjA0LmpwZyIsInNsaWRlc2hvdyI6IjM3NzUyNjUyIn0%3D\" href=\"https:\/\/www.ateliermseguin.com\/wp-content\/uploads\/2024\/12\/en04.jpg\"><figure class=\"swiper-slide-inner\"><img decoding=\"async\" class=\"swiper-slide-image\" src=\"https:\/\/www.ateliermseguin.com\/wp-content\/uploads\/2024\/12\/en04.jpg\" alt=\"en04\" \/><\/figure><\/a><\/div><div class=\"swiper-slide\" role=\"group\" aria-roledescription=\"slide\" aria-label=\"5 of 8\"><a data-elementor-open-lightbox=\"yes\" data-elementor-lightbox-slideshow=\"37752652\" data-e-action-hash=\"#elementor-action%3Aaction%3Dlightbox%26settings%3DeyJpZCI6Njg1MywidXJsIjoiaHR0cHM6XC9cL3d3dy5hdGVsaWVybXNlZ3Vpbi5jb21cL3dwLWNvbnRlbnRcL3VwbG9hZHNcLzIwMjRcLzEyXC9lbjA1LmpwZyIsInNsaWRlc2hvdyI6IjM3NzUyNjUyIn0%3D\" href=\"https:\/\/www.ateliermseguin.com\/wp-content\/uploads\/2024\/12\/en05.jpg\"><figure class=\"swiper-slide-inner\"><img decoding=\"async\" class=\"swiper-slide-image\" src=\"https:\/\/www.ateliermseguin.com\/wp-content\/uploads\/2024\/12\/en05.jpg\" alt=\"en05\" \/><\/figure><\/a><\/div><div class=\"swiper-slide\" role=\"group\" aria-roledescription=\"slide\" aria-label=\"6 of 8\"><a data-elementor-open-lightbox=\"yes\" data-elementor-lightbox-slideshow=\"37752652\" data-e-action-hash=\"#elementor-action%3Aaction%3Dlightbox%26settings%3DeyJpZCI6Njg0OCwidXJsIjoiaHR0cHM6XC9cL3d3dy5hdGVsaWVybXNlZ3Vpbi5jb21cL3dwLWNvbnRlbnRcL3VwbG9hZHNcLzIwMjRcLzEyXC9lbjAwLmpwZyIsInNsaWRlc2hvdyI6IjM3NzUyNjUyIn0%3D\" href=\"https:\/\/www.ateliermseguin.com\/wp-content\/uploads\/2024\/12\/en00.jpg\"><figure class=\"swiper-slide-inner\"><img decoding=\"async\" class=\"swiper-slide-image\" src=\"https:\/\/www.ateliermseguin.com\/wp-content\/uploads\/2024\/12\/en00.jpg\" alt=\"en00\" \/><\/figure><\/a><\/div><div class=\"swiper-slide\" role=\"group\" aria-roledescription=\"slide\" aria-label=\"7 of 8\"><a data-elementor-open-lightbox=\"yes\" data-elementor-lightbox-slideshow=\"37752652\" data-e-action-hash=\"#elementor-action%3Aaction%3Dlightbox%26settings%3DeyJpZCI6Njg1MCwidXJsIjoiaHR0cHM6XC9cL3d3dy5hdGVsaWVybXNlZ3Vpbi5jb21cL3dwLWNvbnRlbnRcL3VwbG9hZHNcLzIwMjRcLzEyXC9lbjAyLmpwZyIsInNsaWRlc2hvdyI6IjM3NzUyNjUyIn0%3D\" href=\"https:\/\/www.ateliermseguin.com\/wp-content\/uploads\/2024\/12\/en02.jpg\"><figure class=\"swiper-slide-inner\"><img decoding=\"async\" class=\"swiper-slide-image\" src=\"https:\/\/www.ateliermseguin.com\/wp-content\/uploads\/2024\/12\/en02.jpg\" alt=\"en02\" \/><\/figure><\/a><\/div><div class=\"swiper-slide\" role=\"group\" aria-roledescription=\"slide\" aria-label=\"8 of 8\"><a data-elementor-open-lightbox=\"yes\" data-elementor-lightbox-slideshow=\"37752652\" data-e-action-hash=\"#elementor-action%3Aaction%3Dlightbox%26settings%3DeyJpZCI6Njg1NCwidXJsIjoiaHR0cHM6XC9cL3d3dy5hdGVsaWVybXNlZ3Vpbi5jb21cL3dwLWNvbnRlbnRcL3VwbG9hZHNcLzIwMjRcLzEyXC9lbjA2LmpwZyIsInNsaWRlc2hvdyI6IjM3NzUyNjUyIn0%3D\" href=\"https:\/\/www.ateliermseguin.com\/wp-content\/uploads\/2024\/12\/en06.jpg\"><figure class=\"swiper-slide-inner\"><img decoding=\"async\" class=\"swiper-slide-image\" src=\"https:\/\/www.ateliermseguin.com\/wp-content\/uploads\/2024\/12\/en06.jpg\" alt=\"en06\" \/><\/figure><\/a><\/div>\t\t\t<\/div>\n\t\t\t\t\t\t\t\n\t\t\t\t\t\t\t\t\t<\/div>\n\t\t\t\t<\/div>\n\t\t\t\t<\/div>\n\t\t\t\t\t<\/div>\n\t\t\t\t<\/div>\n\t\t\t\t<\/div>","protected":false},"excerpt":{"rendered":"<p>Encadrement En tant que votre partenaire d&rsquo;impression de confiance, nous sommes heureux de vous proposer des services d\u2019encadrement galerie professionnels, adapt\u00e9s aux artistes et aux galeries. En plus de notre impression et de notre montage de haute qualit\u00e9, nous pouvons encadrer votre \u0153uvre avec soin, apportant une touche finale simple mais r\u00e9fl\u00e9chie. Encadrement de galerie&#8230;<\/p>","protected":false},"author":1,"featured_media":0,"parent":0,"menu_order":0,"comment_status":"closed","ping_status":"closed","template":"","meta":{"footnotes":""},"class_list":["post-6568","page","type-page","status-publish","hentry"],"_links":{"self":[{"href":"https:\/\/www.ateliermseguin.com\/en\/wp-json\/wp\/v2\/pages\/6568","targetHints":{"allow":["GET"]}}],"collection":[{"href":"https:\/\/www.ateliermseguin.com\/en\/wp-json\/wp\/v2\/pages"}],"about":[{"href":"https:\/\/www.ateliermseguin.com\/en\/wp-json\/wp\/v2\/types\/page"}],"author":[{"embeddable":true,"href":"https:\/\/www.ateliermseguin.com\/en\/wp-json\/wp\/v2\/users\/1"}],"replies":[{"embeddable":true,"href":"https:\/\/www.ateliermseguin.com\/en\/wp-json\/wp\/v2\/comments?post=6568"}],"version-history":[{"count":10,"href":"https:\/\/www.ateliermseguin.com\/en\/wp-json\/wp\/v2\/pages\/6568\/revisions"}],"predecessor-version":[{"id":7620,"href":"https:\/\/www.ateliermseguin.com\/en\/wp-json\/wp\/v2\/pages\/6568\/revisions\/7620"}],"wp:attachment":[{"href":"https:\/\/www.ateliermseguin.com\/en\/wp-json\/wp\/v2\/media?parent=6568"}],"curies":[{"name":"wp","href":"https:\/\/api.w.org\/{rel}","templated":true}]}}