{"id":6515,"date":"2024-12-12T14:13:52","date_gmt":"2024-12-12T14:13:52","guid":{"rendered":"https:\/\/www.ateliermseguin.com\/?page_id=6515"},"modified":"2024-12-19T16:15:15","modified_gmt":"2024-12-19T16:15:15","slug":"epreuves-artiste","status":"publish","type":"page","link":"https:\/\/www.ateliermseguin.com\/en\/epreuves-artiste\/","title":{"rendered":""},"content":{"rendered":"<div data-elementor-type=\"wp-page\" data-elementor-id=\"6515\" class=\"elementor elementor-6515\">\n\t\t\t\t<div class=\"elementor-element elementor-element-23216e90 e-flex e-con-boxed e-con e-parent\" data-id=\"23216e90\" data-element_type=\"container\">\n\t\t\t\t\t<div class=\"e-con-inner\">\n\t\t<div class=\"elementor-element elementor-element-4858a10f e-con-full e-flex e-con e-child\" data-id=\"4858a10f\" data-element_type=\"container\">\n\t\t\t\t<div class=\"elementor-element elementor-element-4525cfab titre elementor-widget elementor-widget-text-editor\" data-id=\"4525cfab\" data-element_type=\"widget\" data-widget_type=\"text-editor.default\">\n\t\t\t\t<div class=\"elementor-widget-container\">\n\t\t\t\t\t\t\t<p>Printing<\/p>\t\t\t\t\t\t<\/div>\n\t\t\t\t<\/div>\n\t\t\t\t<\/div>\n\t\t\t\t\t<\/div>\n\t\t\t\t<\/div>\n\t\t<div class=\"elementor-element elementor-element-614862f4 e-grid e-con-boxed e-con e-parent\" data-id=\"614862f4\" data-element_type=\"container\">\n\t\t\t\t\t<div class=\"e-con-inner\">\n\t\t<div class=\"elementor-element elementor-element-309478f0 e-con-full e-flex e-con e-child\" data-id=\"309478f0\" data-element_type=\"container\">\n\t\t\t\t<div class=\"elementor-element elementor-element-297f8f67 m-neuron-nav-menu--vertical m-neuron-nav-menu--breakpoint-none m-neuron-nav-menu__pointer-none m-neuron-nav-menu--indicator-angle m-neuron-nav-menu--stretch elementor-widget elementor-widget-neuron-nav-menu\" data-id=\"297f8f67\" data-element_type=\"widget\" data-widget_type=\"neuron-nav-menu.default\">\n\t\t\t\t<div class=\"elementor-widget-container\">\n\t\t\t\t\t\t\t<nav class=\"m-neuron-nav-menu\" id=\"m-neuron-nav-menu--id-3-297f8f67\"><ul id=\"menu-1-297f8f67\" class=\"m-neuron-nav-menu__list\"><li id=\"menu-item-6226\" class=\"imp menu-item menu-item-type-post_type menu-item-object-page menu-item-6226\"><a href=\"https:\/\/www.ateliermseguin.com\/en\/impression\/\">Fine art printing<\/a><\/li>\n<li id=\"menu-item-6523\" class=\"ea menu-item menu-item-type-post_type menu-item-object-page menu-item-6523\"><a href=\"https:\/\/www.ateliermseguin.com\/en\/epreuves-artiste\/\">Artist's proof<\/a><\/li>\n<li id=\"menu-item-6508\" class=\"ca menu-item menu-item-type-post_type menu-item-object-page menu-item-6508\"><a href=\"https:\/\/www.ateliermseguin.com\/en\/canevas\/\">canvas<\/a><\/li>\n<\/ul><\/nav>\r\n\t\t\t\t<nav class=\"m-neuron-nav-menu--mobile\" id=\"m-neuron-nav-menu--mobile--id-297f8f67\">\r\n\t\t\t\t\t<div class=\"m-neuron-nav-menu__hamburger-holder\">\r\n\t\t\t\t\t\t<a href=\"#\" class=\"m-neuron-nav-menu__hamburger\">\r\n\t\t\t\t\t\t\t<svg style=\"enable-background:new 0 0 139 139;\" version=\"1.1\" viewbox=\"0 0 139 139\" xml:space=\"preserve\" xmlns=\"http:\/\/www.w3.org\/2000\/svg\" xmlns:xlink=\"http:\/\/www.w3.org\/1999\/xlink\"><line class=\"st0\" x1=\"26.5\" x2=\"112.5\" y1=\"46.3\" y2=\"46.3\"\/><line class=\"st0\" x1=\"26.5\" x2=\"112.5\" y1=\"92.7\" y2=\"92.7\"\/><line class=\"st0\" x1=\"26.5\" x2=\"112.5\" y1=\"69.5\" y2=\"69.5\"\/><\/svg>\r\n\t\t\t\t\t\t<\/a>\r\n\t\t\t\t\t<\/div>\r\n\t\t\t\t\t<ul id=\"menu-2-297f8f67\" class=\"m-neuron-nav-menu__list\"><li class=\"imp menu-item menu-item-type-post_type menu-item-object-page menu-item-6226\"><a href=\"https:\/\/www.ateliermseguin.com\/en\/impression\/\">Fine art printing<\/a><\/li>\n<li class=\"ea menu-item menu-item-type-post_type menu-item-object-page menu-item-6523\"><a href=\"https:\/\/www.ateliermseguin.com\/en\/epreuves-artiste\/\">Artist's proof<\/a><\/li>\n<li class=\"ca menu-item menu-item-type-post_type menu-item-object-page menu-item-6508\"><a href=\"https:\/\/www.ateliermseguin.com\/en\/canevas\/\">canvas<\/a><\/li>\n<\/ul>\t\t\t\t<\/nav>\r\n\t\t\t\t\t<\/div>\n\t\t\t\t<\/div>\n\t\t\t\t<div class=\"elementor-element elementor-element-65ec751f para elementor-widget elementor-widget-text-editor\" data-id=\"65ec751f\" data-element_type=\"widget\" data-widget_type=\"text-editor.default\">\n\t\t\t\t<div class=\"elementor-widget-container\">\n\t\t\t\t\t\t\tUsing  calibrated monitors and industry standard lighting, we offer our clients a controlled environment for color correction that is in line with universal colorimetric precision standards. The result is perfect color matching that is guaranteed to exceed even the highest of expectations.\t\t\t\t\t\t<\/div>\n\t\t\t\t<\/div>\n\t\t\t\t<div class=\"elementor-element elementor-element-764a40fc elementor-icon-list--layout-traditional elementor-list-item-link-full_width elementor-widget elementor-widget-icon-list\" data-id=\"764a40fc\" data-element_type=\"widget\" data-widget_type=\"icon-list.default\">\n\t\t\t\t<div class=\"elementor-widget-container\">\n\t\t\t\t\t<ul class=\"elementor-icon-list-items\">\n\t\t\t\t\t\t\t<li class=\"elementor-icon-list-item\">\n\t\t\t\t\t\t\t\t\t\t\t<span class=\"elementor-icon-list-icon\">\n\t\t\t\t\t\t\t<svg aria-hidden=\"true\" class=\"e-font-icon-svg e-fas-arrow-right\" viewbox=\"0 0 448 512\" xmlns=\"http:\/\/www.w3.org\/2000\/svg\"><path d=\"M190.5 66.9l22.2-22.2c9.4-9.4 24.6-9.4 33.9 0L441 239c9.4 9.4 9.4 24.6 0 33.9L246.6 467.3c-9.4 9.4-24.6 9.4-33.9 0l-22.2-22.2c-9.5-9.5-9.3-25 .4-34.3L311.4 296H24c-13.3 0-24-10.7-24-24v-32c0-13.3 10.7-24 24-24h287.4L190.9 101.2c-9.8-9.3-10-24.8-.4-34.3z\"><\/path><\/svg>\t\t\t\t\t\t<\/span>\n\t\t\t\t\t\t\t\t\t\t<span class=\"elementor-icon-list-text\">Personalized printing that is uniquely tailored to each new job<\/span>\n\t\t\t\t\t\t\t\t\t<\/li>\n\t\t\t\t\t\t\t\t<li class=\"elementor-icon-list-item\">\n\t\t\t\t\t\t\t\t\t\t\t<span class=\"elementor-icon-list-icon\">\n\t\t\t\t\t\t\t<svg aria-hidden=\"true\" class=\"e-font-icon-svg e-fas-arrow-right\" viewbox=\"0 0 448 512\" xmlns=\"http:\/\/www.w3.org\/2000\/svg\"><path d=\"M190.5 66.9l22.2-22.2c9.4-9.4 24.6-9.4 33.9 0L441 239c9.4 9.4 9.4 24.6 0 33.9L246.6 467.3c-9.4 9.4-24.6 9.4-33.9 0l-22.2-22.2c-9.5-9.5-9.3-25 .4-34.3L311.4 296H24c-13.3 0-24-10.7-24-24v-32c0-13.3 10.7-24 24-24h287.4L190.9 101.2c-9.8-9.3-10-24.8-.4-34.3z\"><\/path><\/svg>\t\t\t\t\t\t<\/span>\n\t\t\t\t\t\t\t\t\t\t<span class=\"elementor-icon-list-text\">One-on-one color corrections and adjustments based on the clients\u2019 requirements<\/span>\n\t\t\t\t\t\t\t\t\t<\/li>\n\t\t\t\t\t\t<\/ul>\n\t\t\t\t<\/div>\n\t\t\t\t<\/div>\n\t\t\t\t<\/div>\n\t\t\t\t<div class=\"elementor-element elementor-element-1dad9a49 carousel elementor-widget elementor-widget-image-carousel\" data-id=\"1dad9a49\" data-element_type=\"widget\" data-settings=\"{&quot;slides_to_show&quot;:&quot;1&quot;,&quot;navigation&quot;:&quot;none&quot;,&quot;infinite&quot;:&quot;yes&quot;,&quot;effect&quot;:&quot;slide&quot;,&quot;speed&quot;:500}\" data-widget_type=\"image-carousel.default\">\n\t\t\t\t<div class=\"elementor-widget-container\">\n\t\t\t\t\t<div class=\"elementor-image-carousel-wrapper swiper\" dir=\"ltr\">\n\t\t\t<div class=\"elementor-image-carousel swiper-wrapper\" aria-live=\"polite\">\n\t\t\t\t\t\t\t\t<div class=\"swiper-slide\" role=\"group\" aria-roledescription=\"slide\" aria-label=\"1 of 5\"><a data-elementor-open-lightbox=\"yes\" data-elementor-lightbox-slideshow=\"1dad9a49\" data-e-action-hash=\"#elementor-action%3Aaction%3Dlightbox%26settings%3DeyJpZCI6Njc2MCwidXJsIjoiaHR0cHM6XC9cL3d3dy5hdGVsaWVybXNlZ3Vpbi5jb21cL3dwLWNvbnRlbnRcL3VwbG9hZHNcLzIwMjRcLzEyXC9hcDA0LmpwZyIsInNsaWRlc2hvdyI6IjFkYWQ5YTQ5In0%3D\" href=\"https:\/\/www.ateliermseguin.com\/wp-content\/uploads\/2024\/12\/ap04.jpg\"><figure class=\"swiper-slide-inner\"><img decoding=\"async\" class=\"swiper-slide-image\" src=\"https:\/\/www.ateliermseguin.com\/wp-content\/uploads\/2024\/12\/ap04.jpg\" alt=\"ap04\" \/><\/figure><\/a><\/div><div class=\"swiper-slide\" role=\"group\" aria-roledescription=\"slide\" aria-label=\"2 of 5\"><a data-elementor-open-lightbox=\"yes\" data-elementor-lightbox-slideshow=\"1dad9a49\" data-e-action-hash=\"#elementor-action%3Aaction%3Dlightbox%26settings%3DeyJpZCI6Njc1OSwidXJsIjoiaHR0cHM6XC9cL3d3dy5hdGVsaWVybXNlZ3Vpbi5jb21cL3dwLWNvbnRlbnRcL3VwbG9hZHNcLzIwMjRcLzEyXC9hcDAzLTEuanBnIiwic2xpZGVzaG93IjoiMWRhZDlhNDkifQ%3D%3D\" href=\"https:\/\/www.ateliermseguin.com\/wp-content\/uploads\/2024\/12\/ap03-1.jpg\"><figure class=\"swiper-slide-inner\"><img decoding=\"async\" class=\"swiper-slide-image\" src=\"https:\/\/www.ateliermseguin.com\/wp-content\/uploads\/2024\/12\/ap03-1.jpg\" alt=\"ap03\" \/><\/figure><\/a><\/div><div class=\"swiper-slide\" role=\"group\" aria-roledescription=\"slide\" aria-label=\"3 of 5\"><a data-elementor-open-lightbox=\"yes\" data-elementor-lightbox-slideshow=\"1dad9a49\" data-e-action-hash=\"#elementor-action%3Aaction%3Dlightbox%26settings%3DeyJpZCI6Njc1NywidXJsIjoiaHR0cHM6XC9cL3d3dy5hdGVsaWVybXNlZ3Vpbi5jb21cL3dwLWNvbnRlbnRcL3VwbG9hZHNcLzIwMjRcLzEyXC9hcDAxLTEuanBnIiwic2xpZGVzaG93IjoiMWRhZDlhNDkifQ%3D%3D\" href=\"https:\/\/www.ateliermseguin.com\/wp-content\/uploads\/2024\/12\/ap01-1.jpg\"><figure class=\"swiper-slide-inner\"><img decoding=\"async\" class=\"swiper-slide-image\" src=\"https:\/\/www.ateliermseguin.com\/wp-content\/uploads\/2024\/12\/ap01-1.jpg\" alt=\"ap01\" \/><\/figure><\/a><\/div><div class=\"swiper-slide\" role=\"group\" aria-roledescription=\"slide\" aria-label=\"4 of 5\"><a data-elementor-open-lightbox=\"yes\" data-elementor-lightbox-slideshow=\"1dad9a49\" data-e-action-hash=\"#elementor-action%3Aaction%3Dlightbox%26settings%3DeyJpZCI6Njc1NiwidXJsIjoiaHR0cHM6XC9cL3d3dy5hdGVsaWVybXNlZ3Vpbi5jb21cL3dwLWNvbnRlbnRcL3VwbG9hZHNcLzIwMjRcLzEyXC9hcDAwLTEuanBnIiwic2xpZGVzaG93IjoiMWRhZDlhNDkifQ%3D%3D\" href=\"https:\/\/www.ateliermseguin.com\/wp-content\/uploads\/2024\/12\/ap00-1.jpg\"><figure class=\"swiper-slide-inner\"><img decoding=\"async\" class=\"swiper-slide-image\" src=\"https:\/\/www.ateliermseguin.com\/wp-content\/uploads\/2024\/12\/ap00-1.jpg\" alt=\"ap00\" \/><\/figure><\/a><\/div><div class=\"swiper-slide\" role=\"group\" aria-roledescription=\"slide\" aria-label=\"5 of 5\"><a data-elementor-open-lightbox=\"yes\" data-elementor-lightbox-slideshow=\"1dad9a49\" data-e-action-hash=\"#elementor-action%3Aaction%3Dlightbox%26settings%3DeyJpZCI6Njc1OCwidXJsIjoiaHR0cHM6XC9cL3d3dy5hdGVsaWVybXNlZ3Vpbi5jb21cL3dwLWNvbnRlbnRcL3VwbG9hZHNcLzIwMjRcLzEyXC9hcDAyLTEuanBnIiwic2xpZGVzaG93IjoiMWRhZDlhNDkifQ%3D%3D\" href=\"https:\/\/www.ateliermseguin.com\/wp-content\/uploads\/2024\/12\/ap02-1.jpg\"><figure class=\"swiper-slide-inner\"><img decoding=\"async\" class=\"swiper-slide-image\" src=\"https:\/\/www.ateliermseguin.com\/wp-content\/uploads\/2024\/12\/ap02-1.jpg\" alt=\"ap02\" \/><\/figure><\/a><\/div>\t\t\t<\/div>\n\t\t\t\t\t\t\t\n\t\t\t\t\t\t\t\t\t<\/div>\n\t\t\t\t<\/div>\n\t\t\t\t<\/div>\n\t\t\t\t\t<\/div>\n\t\t\t\t<\/div>\n\t\t\t\t<\/div>","protected":false},"excerpt":{"rendered":"<p>Impression Impression haut de gamme \u00e9preuves d&#8217;artiste canevas Impression haut de gamme \u00e9preuves d&#8217;artiste canevas Correction de couleurs dans un environnement contr\u00f4l\u00e9 selon des standards de pr\u00e9cision colorim\u00e9trique universels. \u00c9preuves couleur pour assurer un r\u00e9sultat optimal \u00e0 la hauteur de vos attentes Session de correction de couleur avec l\u2019artiste sur demande<\/p>","protected":false},"author":1,"featured_media":0,"parent":0,"menu_order":0,"comment_status":"closed","ping_status":"closed","template":"","meta":{"footnotes":""},"class_list":["post-6515","page","type-page","status-publish","hentry"],"_links":{"self":[{"href":"https:\/\/www.ateliermseguin.com\/en\/wp-json\/wp\/v2\/pages\/6515","targetHints":{"allow":["GET"]}}],"collection":[{"href":"https:\/\/www.ateliermseguin.com\/en\/wp-json\/wp\/v2\/pages"}],"about":[{"href":"https:\/\/www.ateliermseguin.com\/en\/wp-json\/wp\/v2\/types\/page"}],"author":[{"embeddable":true,"href":"https:\/\/www.ateliermseguin.com\/en\/wp-json\/wp\/v2\/users\/1"}],"replies":[{"embeddable":true,"href":"https:\/\/www.ateliermseguin.com\/en\/wp-json\/wp\/v2\/comments?post=6515"}],"version-history":[{"count":10,"href":"https:\/\/www.ateliermseguin.com\/en\/wp-json\/wp\/v2\/pages\/6515\/revisions"}],"predecessor-version":[{"id":7326,"href":"https:\/\/www.ateliermseguin.com\/en\/wp-json\/wp\/v2\/pages\/6515\/revisions\/7326"}],"wp:attachment":[{"href":"https:\/\/www.ateliermseguin.com\/en\/wp-json\/wp\/v2\/media?parent=6515"}],"curies":[{"name":"wp","href":"https:\/\/api.w.org\/{rel}","templated":true}]}}