{"id":4315,"date":"2024-11-18T19:57:10","date_gmt":"2024-11-18T19:57:10","guid":{"rendered":"https:\/\/www.ateliermseguin.com\/?page_id=4315"},"modified":"2024-12-19T16:15:33","modified_gmt":"2024-12-19T16:15:33","slug":"canevas","status":"publish","type":"page","link":"https:\/\/www.ateliermseguin.com\/en\/canevas\/","title":{"rendered":""},"content":{"rendered":"<div data-elementor-type=\"wp-page\" data-elementor-id=\"4315\" class=\"elementor elementor-4315\">\n\t\t\t\t<div class=\"elementor-element elementor-element-50084191 e-flex e-con-boxed e-con e-parent\" data-id=\"50084191\" data-element_type=\"container\">\n\t\t\t\t\t<div class=\"e-con-inner\">\n\t\t<div class=\"elementor-element elementor-element-491c4d86 e-con-full e-flex e-con e-child\" data-id=\"491c4d86\" data-element_type=\"container\">\n\t\t\t\t<div class=\"elementor-element elementor-element-5d1310fc titre elementor-widget elementor-widget-text-editor\" data-id=\"5d1310fc\" data-element_type=\"widget\" data-widget_type=\"text-editor.default\">\n\t\t\t\t<div class=\"elementor-widget-container\">\n\t\t\t\t\t\t\t<p>Printing<\/p>\t\t\t\t\t\t<\/div>\n\t\t\t\t<\/div>\n\t\t\t\t<\/div>\n\t\t\t\t\t<\/div>\n\t\t\t\t<\/div>\n\t\t<div class=\"elementor-element elementor-element-481256be e-grid e-con-boxed e-con e-parent\" data-id=\"481256be\" data-element_type=\"container\">\n\t\t\t\t\t<div class=\"e-con-inner\">\n\t\t<div class=\"elementor-element elementor-element-153a77dc e-con-full e-flex e-con e-child\" data-id=\"153a77dc\" data-element_type=\"container\">\n\t\t\t\t<div class=\"elementor-element elementor-element-1831f283 m-neuron-nav-menu--vertical m-neuron-nav-menu--breakpoint-none m-neuron-nav-menu__pointer-none m-neuron-nav-menu--indicator-angle m-neuron-nav-menu--stretch elementor-widget elementor-widget-neuron-nav-menu\" data-id=\"1831f283\" data-element_type=\"widget\" data-widget_type=\"neuron-nav-menu.default\">\n\t\t\t\t<div class=\"elementor-widget-container\">\n\t\t\t\t\t\t\t<nav class=\"m-neuron-nav-menu\" id=\"m-neuron-nav-menu--id-3-1831f283\"><ul id=\"menu-1-1831f283\" class=\"m-neuron-nav-menu__list\"><li id=\"menu-item-6226\" class=\"imp menu-item menu-item-type-post_type menu-item-object-page menu-item-6226\"><a href=\"https:\/\/www.ateliermseguin.com\/en\/impression\/\">Fine art printing<\/a><\/li>\n<li id=\"menu-item-6523\" class=\"ea menu-item menu-item-type-post_type menu-item-object-page menu-item-6523\"><a href=\"https:\/\/www.ateliermseguin.com\/en\/epreuves-artiste\/\">Artist's proof<\/a><\/li>\n<li id=\"menu-item-6508\" class=\"ca menu-item menu-item-type-post_type menu-item-object-page menu-item-6508\"><a href=\"https:\/\/www.ateliermseguin.com\/en\/canevas\/\">canvas<\/a><\/li>\n<\/ul><\/nav>\r\n\t\t\t\t<nav class=\"m-neuron-nav-menu--mobile\" id=\"m-neuron-nav-menu--mobile--id-1831f283\">\r\n\t\t\t\t\t<div class=\"m-neuron-nav-menu__hamburger-holder\">\r\n\t\t\t\t\t\t<a href=\"#\" class=\"m-neuron-nav-menu__hamburger\">\r\n\t\t\t\t\t\t\t<svg style=\"enable-background:new 0 0 139 139;\" version=\"1.1\" viewbox=\"0 0 139 139\" xml:space=\"preserve\" xmlns=\"http:\/\/www.w3.org\/2000\/svg\" xmlns:xlink=\"http:\/\/www.w3.org\/1999\/xlink\"><line class=\"st0\" x1=\"26.5\" x2=\"112.5\" y1=\"46.3\" y2=\"46.3\"\/><line class=\"st0\" x1=\"26.5\" x2=\"112.5\" y1=\"92.7\" y2=\"92.7\"\/><line class=\"st0\" x1=\"26.5\" x2=\"112.5\" y1=\"69.5\" y2=\"69.5\"\/><\/svg>\r\n\t\t\t\t\t\t<\/a>\r\n\t\t\t\t\t<\/div>\r\n\t\t\t\t\t<ul id=\"menu-2-1831f283\" class=\"m-neuron-nav-menu__list\"><li class=\"imp menu-item menu-item-type-post_type menu-item-object-page menu-item-6226\"><a href=\"https:\/\/www.ateliermseguin.com\/en\/impression\/\">Fine art printing<\/a><\/li>\n<li class=\"ea menu-item menu-item-type-post_type menu-item-object-page menu-item-6523\"><a href=\"https:\/\/www.ateliermseguin.com\/en\/epreuves-artiste\/\">Artist's proof<\/a><\/li>\n<li class=\"ca menu-item menu-item-type-post_type menu-item-object-page menu-item-6508\"><a href=\"https:\/\/www.ateliermseguin.com\/en\/canevas\/\">canvas<\/a><\/li>\n<\/ul>\t\t\t\t<\/nav>\r\n\t\t\t\t\t<\/div>\n\t\t\t\t<\/div>\n\t\t\t\t<div class=\"elementor-element elementor-element-3e1fdf6f para elementor-widget elementor-widget-text-editor\" data-id=\"3e1fdf6f\" data-element_type=\"widget\" data-widget_type=\"text-editor.default\">\n\t\t\t\t<div class=\"elementor-widget-container\">\n\t\t\t\t\t\t\tUsing high quality preservation techniques, our canvas prints are designed to enhance photographic and digital works as well as original painting reproductions.\t\t\t\t\t\t<\/div>\n\t\t\t\t<\/div>\n\t\t\t\t<div class=\"elementor-element elementor-element-fd340b7 elementor-icon-list--layout-traditional elementor-list-item-link-full_width elementor-widget elementor-widget-icon-list\" data-id=\"fd340b7\" data-element_type=\"widget\" data-widget_type=\"icon-list.default\">\n\t\t\t\t<div class=\"elementor-widget-container\">\n\t\t\t\t\t<ul class=\"elementor-icon-list-items\">\n\t\t\t\t\t\t\t<li class=\"elementor-icon-list-item\">\n\t\t\t\t\t\t\t\t\t\t\t<span class=\"elementor-icon-list-icon\">\n\t\t\t\t\t\t\t<svg aria-hidden=\"true\" class=\"e-font-icon-svg e-fas-arrow-right\" viewbox=\"0 0 448 512\" xmlns=\"http:\/\/www.w3.org\/2000\/svg\"><path d=\"M190.5 66.9l22.2-22.2c9.4-9.4 24.6-9.4 33.9 0L441 239c9.4 9.4 9.4 24.6 0 33.9L246.6 467.3c-9.4 9.4-24.6 9.4-33.9 0l-22.2-22.2c-9.5-9.5-9.3-25 .4-34.3L311.4 296H24c-13.3 0-24-10.7-24-24v-32c0-13.3 10.7-24 24-24h287.4L190.9 101.2c-9.8-9.3-10-24.8-.4-34.3z\"><\/path><\/svg>\t\t\t\t\t\t<\/span>\n\t\t\t\t\t\t\t\t\t\t<span class=\"elementor-icon-list-text\">Possibility of applying a matte, satin or gloss finish<\/span>\n\t\t\t\t\t\t\t\t\t<\/li>\n\t\t\t\t\t\t\t\t<li class=\"elementor-icon-list-item\">\n\t\t\t\t\t\t\t\t\t\t\t<span class=\"elementor-icon-list-icon\">\n\t\t\t\t\t\t\t<svg aria-hidden=\"true\" class=\"e-font-icon-svg e-fas-arrow-right\" viewbox=\"0 0 448 512\" xmlns=\"http:\/\/www.w3.org\/2000\/svg\"><path d=\"M190.5 66.9l22.2-22.2c9.4-9.4 24.6-9.4 33.9 0L441 239c9.4 9.4 9.4 24.6 0 33.9L246.6 467.3c-9.4 9.4-24.6 9.4-33.9 0l-22.2-22.2c-9.5-9.5-9.3-25 .4-34.3L311.4 296H24c-13.3 0-24-10.7-24-24v-32c0-13.3 10.7-24 24-24h287.4L190.9 101.2c-9.8-9.3-10-24.8-.4-34.3z\"><\/path><\/svg>\t\t\t\t\t\t<\/span>\n\t\t\t\t\t\t\t\t\t\t<span class=\"elementor-icon-list-text\">Stretching service available on a \u00be\u201d subframe or 1\u00bd\u201d gallery subframe<\/span>\n\t\t\t\t\t\t\t\t\t<\/li>\n\t\t\t\t\t\t<\/ul>\n\t\t\t\t<\/div>\n\t\t\t\t<\/div>\n\t\t\t\t<\/div>\n\t\t\t\t<div class=\"elementor-element elementor-element-b0c5c07 carousel elementor-widget elementor-widget-image-carousel\" data-id=\"b0c5c07\" data-element_type=\"widget\" data-settings=\"{&quot;slides_to_show&quot;:&quot;1&quot;,&quot;navigation&quot;:&quot;none&quot;,&quot;infinite&quot;:&quot;yes&quot;,&quot;effect&quot;:&quot;slide&quot;,&quot;speed&quot;:500}\" data-widget_type=\"image-carousel.default\">\n\t\t\t\t<div class=\"elementor-widget-container\">\n\t\t\t\t\t<div class=\"elementor-image-carousel-wrapper swiper\" dir=\"ltr\">\n\t\t\t<div class=\"elementor-image-carousel swiper-wrapper\" aria-live=\"polite\">\n\t\t\t\t\t\t\t\t<div class=\"swiper-slide\" role=\"group\" aria-roledescription=\"slide\" aria-label=\"1 of 4\" data-no-translation-aria-label=\"\"><a data-elementor-open-lightbox=\"yes\" data-elementor-lightbox-slideshow=\"b0c5c07\" data-e-action-hash=\"#elementor-action%3Aaction%3Dlightbox%26settings%3DeyJpZCI6Njc2NywidXJsIjoiaHR0cHM6XC9cL3d3dy5hdGVsaWVybXNlZ3Vpbi5jb21cL3dwLWNvbnRlbnRcL3VwbG9hZHNcLzIwMjRcLzEyXC9jYTAzLmpwZyIsInNsaWRlc2hvdyI6ImIwYzVjMDcifQ%3D%3D\" href=\"https:\/\/www.ateliermseguin.com\/wp-content\/uploads\/2024\/12\/ca03.jpg\"><figure class=\"swiper-slide-inner\"><img decoding=\"async\" class=\"swiper-slide-image\" src=\"https:\/\/www.ateliermseguin.com\/wp-content\/uploads\/2024\/12\/ca03.jpg\" alt=\"ca03\" \/><\/figure><\/a><\/div><div class=\"swiper-slide\" role=\"group\" aria-roledescription=\"slide\" aria-label=\"2 of 4\" data-no-translation-aria-label=\"\"><a data-elementor-open-lightbox=\"yes\" data-elementor-lightbox-slideshow=\"b0c5c07\" data-e-action-hash=\"#elementor-action%3Aaction%3Dlightbox%26settings%3DeyJpZCI6Njc2NSwidXJsIjoiaHR0cHM6XC9cL3d3dy5hdGVsaWVybXNlZ3Vpbi5jb21cL3dwLWNvbnRlbnRcL3VwbG9hZHNcLzIwMjRcLzEyXC9jYTAxLmpwZyIsInNsaWRlc2hvdyI6ImIwYzVjMDcifQ%3D%3D\" href=\"https:\/\/www.ateliermseguin.com\/wp-content\/uploads\/2024\/12\/ca01.jpg\"><figure class=\"swiper-slide-inner\"><img decoding=\"async\" class=\"swiper-slide-image\" src=\"https:\/\/www.ateliermseguin.com\/wp-content\/uploads\/2024\/12\/ca01.jpg\" alt=\"ca01\" \/><\/figure><\/a><\/div><div class=\"swiper-slide\" role=\"group\" aria-roledescription=\"slide\" aria-label=\"3 of 4\" data-no-translation-aria-label=\"\"><a data-elementor-open-lightbox=\"yes\" data-elementor-lightbox-slideshow=\"b0c5c07\" data-e-action-hash=\"#elementor-action%3Aaction%3Dlightbox%26settings%3DeyJpZCI6Njc2NCwidXJsIjoiaHR0cHM6XC9cL3d3dy5hdGVsaWVybXNlZ3Vpbi5jb21cL3dwLWNvbnRlbnRcL3VwbG9hZHNcLzIwMjRcLzEyXC9jYTAwLmpwZyIsInNsaWRlc2hvdyI6ImIwYzVjMDcifQ%3D%3D\" href=\"https:\/\/www.ateliermseguin.com\/wp-content\/uploads\/2024\/12\/ca00.jpg\"><figure class=\"swiper-slide-inner\"><img decoding=\"async\" class=\"swiper-slide-image\" src=\"https:\/\/www.ateliermseguin.com\/wp-content\/uploads\/2024\/12\/ca00.jpg\" alt=\"ca00\" \/><\/figure><\/a><\/div><div class=\"swiper-slide\" role=\"group\" aria-roledescription=\"slide\" aria-label=\"4 of 4\" data-no-translation-aria-label=\"\"><a data-elementor-open-lightbox=\"yes\" data-elementor-lightbox-slideshow=\"b0c5c07\" data-e-action-hash=\"#elementor-action%3Aaction%3Dlightbox%26settings%3DeyJpZCI6Njc2NiwidXJsIjoiaHR0cHM6XC9cL3d3dy5hdGVsaWVybXNlZ3Vpbi5jb21cL3dwLWNvbnRlbnRcL3VwbG9hZHNcLzIwMjRcLzEyXC9jYTAyLmpwZyIsInNsaWRlc2hvdyI6ImIwYzVjMDcifQ%3D%3D\" href=\"https:\/\/www.ateliermseguin.com\/wp-content\/uploads\/2024\/12\/ca02.jpg\"><figure class=\"swiper-slide-inner\"><img decoding=\"async\" class=\"swiper-slide-image\" src=\"https:\/\/www.ateliermseguin.com\/wp-content\/uploads\/2024\/12\/ca02.jpg\" alt=\"ca02\" \/><\/figure><\/a><\/div>\t\t\t<\/div>\n\t\t\t\t\t\t\t\n\t\t\t\t\t\t\t\t\t<\/div>\n\t\t\t\t<\/div>\n\t\t\t\t<\/div>\n\t\t\t\t\t<\/div>\n\t\t\t\t<\/div>\n\t\t\t\t<\/div>","protected":false},"excerpt":{"rendered":"<p>Impression Impression haut de gamme \u00e9preuves d&#8217;artiste canevas Impression haut de gamme \u00e9preuves d&#8217;artiste canevas Ce proc\u00e9d\u00e9 convient particuli\u00e8rement bien \u00e0 l\u2019impression de vos \u0153uvres photographiques et num\u00e9riques ainsi qu\u2019\u00e0 la reproduction de tableaux originaux. Possibilit\u00e9 d\u2019application d&rsquo;un vernis mat, satin ou brillant Service d\u2019\u00e9tirage sur faux-cadre, \u00e9paisseur r\u00e9guli\u00e8re de \u00be de pouces ou \u00ab\u00a0Galerie\u00a0\u00bb&#8230;<\/p>","protected":false},"author":1,"featured_media":0,"parent":0,"menu_order":0,"comment_status":"closed","ping_status":"closed","template":"","meta":{"footnotes":""},"class_list":["post-4315","page","type-page","status-publish","hentry"],"_links":{"self":[{"href":"https:\/\/www.ateliermseguin.com\/en\/wp-json\/wp\/v2\/pages\/4315","targetHints":{"allow":["GET"]}}],"collection":[{"href":"https:\/\/www.ateliermseguin.com\/en\/wp-json\/wp\/v2\/pages"}],"about":[{"href":"https:\/\/www.ateliermseguin.com\/en\/wp-json\/wp\/v2\/types\/page"}],"author":[{"embeddable":true,"href":"https:\/\/www.ateliermseguin.com\/en\/wp-json\/wp\/v2\/users\/1"}],"replies":[{"embeddable":true,"href":"https:\/\/www.ateliermseguin.com\/en\/wp-json\/wp\/v2\/comments?post=4315"}],"version-history":[{"count":10,"href":"https:\/\/www.ateliermseguin.com\/en\/wp-json\/wp\/v2\/pages\/4315\/revisions"}],"predecessor-version":[{"id":7329,"href":"https:\/\/www.ateliermseguin.com\/en\/wp-json\/wp\/v2\/pages\/4315\/revisions\/7329"}],"wp:attachment":[{"href":"https:\/\/www.ateliermseguin.com\/en\/wp-json\/wp\/v2\/media?parent=4315"}],"curies":[{"name":"wp","href":"https:\/\/api.w.org\/{rel}","templated":true}]}}