{"id":4281,"date":"2024-11-18T19:27:22","date_gmt":"2024-11-18T19:27:22","guid":{"rendered":"https:\/\/www.ateliermseguin.com\/?page_id=4281"},"modified":"2024-12-19T16:48:27","modified_gmt":"2024-12-19T16:48:27","slug":"retroeclairage","status":"publish","type":"page","link":"https:\/\/www.ateliermseguin.com\/en\/retroeclairage\/","title":{"rendered":""},"content":{"rendered":"<div data-elementor-type=\"wp-page\" data-elementor-id=\"4281\" class=\"elementor elementor-4281\">\n\t\t\t\t<div class=\"elementor-element elementor-element-143e1201 e-flex e-con-boxed e-con e-parent\" data-id=\"143e1201\" data-element_type=\"container\">\n\t\t\t\t\t<div class=\"e-con-inner\">\n\t\t<div class=\"elementor-element elementor-element-4d9c5c1a e-con-full e-flex e-con e-child\" data-id=\"4d9c5c1a\" data-element_type=\"container\">\n\t\t\t\t<div class=\"elementor-element elementor-element-409b7338 titre elementor-widget elementor-widget-text-editor\" data-id=\"409b7338\" data-element_type=\"widget\" data-widget_type=\"text-editor.default\">\n\t\t\t\t<div class=\"elementor-widget-container\">\n\t\t\t\t\t\t\t<p>Special<\/p>\t\t\t\t\t\t<\/div>\n\t\t\t\t<\/div>\n\t\t\t\t<\/div>\n\t\t\t\t\t<\/div>\n\t\t\t\t<\/div>\n\t\t<div class=\"elementor-element elementor-element-82da1f9 e-grid e-con-boxed e-con e-parent\" data-id=\"82da1f9\" data-element_type=\"container\">\n\t\t\t\t\t<div class=\"e-con-inner\">\n\t\t<div class=\"elementor-element elementor-element-324dbff3 e-con-full e-flex e-con e-child\" data-id=\"324dbff3\" data-element_type=\"container\">\n\t\t\t\t<div class=\"elementor-element elementor-element-52568a05 m-neuron-nav-menu--vertical m-neuron-nav-menu--breakpoint-none m-neuron-nav-menu__pointer-none m-neuron-nav-menu--indicator-angle m-neuron-nav-menu--stretch elementor-widget elementor-widget-neuron-nav-menu\" data-id=\"52568a05\" data-element_type=\"widget\" data-widget_type=\"neuron-nav-menu.default\">\n\t\t\t\t<div class=\"elementor-widget-container\">\n\t\t\t\t\t\t\t<nav class=\"m-neuron-nav-menu\" id=\"m-neuron-nav-menu--id-3-52568a05\"><ul id=\"menu-1-52568a05\" class=\"m-neuron-nav-menu__list\"><li id=\"menu-item-7398\" class=\"ap menu-item menu-item-type-post_type menu-item-object-page menu-item-7398\"><a href=\"https:\/\/www.ateliermseguin.com\/en\/art-public\/\">Public art<\/a><\/li>\n<li id=\"menu-item-7395\" class=\"psm menu-item menu-item-type-post_type menu-item-object-page menu-item-7395\"><a href=\"https:\/\/www.ateliermseguin.com\/en\/special\/\">Custom<\/a><\/li>\n<li id=\"menu-item-6533\" class=\"re menu-item menu-item-type-post_type menu-item-object-page menu-item-6533\"><a href=\"https:\/\/www.ateliermseguin.com\/en\/retroeclairage\/\">backlit<\/a><\/li>\n<li id=\"menu-item-6550\" class=\"dd menu-item menu-item-type-post_type menu-item-object-page menu-item-6550\"><a href=\"https:\/\/www.ateliermseguin.com\/en\/diamond-dust\/\">diamond dust<\/a><\/li>\n<\/ul><\/nav>\r\n\t\t\t\t<nav class=\"m-neuron-nav-menu--mobile\" id=\"m-neuron-nav-menu--mobile--id-52568a05\">\r\n\t\t\t\t\t<div class=\"m-neuron-nav-menu__hamburger-holder\">\r\n\t\t\t\t\t\t<a href=\"#\" class=\"m-neuron-nav-menu__hamburger\">\r\n\t\t\t\t\t\t\t<svg style=\"enable-background:new 0 0 139 139;\" version=\"1.1\" viewbox=\"0 0 139 139\" xml:space=\"preserve\" xmlns=\"http:\/\/www.w3.org\/2000\/svg\" xmlns:xlink=\"http:\/\/www.w3.org\/1999\/xlink\"><line class=\"st0\" x1=\"26.5\" x2=\"112.5\" y1=\"46.3\" y2=\"46.3\"\/><line class=\"st0\" x1=\"26.5\" x2=\"112.5\" y1=\"92.7\" y2=\"92.7\"\/><line class=\"st0\" x1=\"26.5\" x2=\"112.5\" y1=\"69.5\" y2=\"69.5\"\/><\/svg>\r\n\t\t\t\t\t\t<\/a>\r\n\t\t\t\t\t<\/div>\r\n\t\t\t\t\t<ul id=\"menu-2-52568a05\" class=\"m-neuron-nav-menu__list\"><li class=\"ap menu-item menu-item-type-post_type menu-item-object-page menu-item-7398\"><a href=\"https:\/\/www.ateliermseguin.com\/en\/art-public\/\">Public art<\/a><\/li>\n<li class=\"psm menu-item menu-item-type-post_type menu-item-object-page menu-item-7395\"><a href=\"https:\/\/www.ateliermseguin.com\/en\/special\/\">Custom<\/a><\/li>\n<li class=\"re menu-item menu-item-type-post_type menu-item-object-page menu-item-6533\"><a href=\"https:\/\/www.ateliermseguin.com\/en\/retroeclairage\/\">backlit<\/a><\/li>\n<li class=\"dd menu-item menu-item-type-post_type menu-item-object-page menu-item-6550\"><a href=\"https:\/\/www.ateliermseguin.com\/en\/diamond-dust\/\">diamond dust<\/a><\/li>\n<\/ul>\t\t\t\t<\/nav>\r\n\t\t\t\t\t<\/div>\n\t\t\t\t<\/div>\n\t\t\t\t<div class=\"elementor-element elementor-element-4533747d para elementor-widget elementor-widget-text-editor\" data-id=\"4533747d\" data-element_type=\"widget\" data-widget_type=\"text-editor.default\">\n\t\t\t\t<div class=\"elementor-widget-container\">\n\t\t\t\t\t\t\tCompliment your artwork with our unique, made to measure lightboxes that will create a vibrant atmosphere while bringing full attention to your artwork.\t\t\t\t\t\t<\/div>\n\t\t\t\t<\/div>\n\t\t\t\t<div class=\"elementor-element elementor-element-1435ac9d elementor-icon-list--layout-traditional elementor-list-item-link-full_width elementor-widget elementor-widget-icon-list\" data-id=\"1435ac9d\" data-element_type=\"widget\" data-widget_type=\"icon-list.default\">\n\t\t\t\t<div class=\"elementor-widget-container\">\n\t\t\t\t\t<ul class=\"elementor-icon-list-items\">\n\t\t\t\t\t\t\t<li class=\"elementor-icon-list-item\">\n\t\t\t\t\t\t\t\t\t\t\t<span class=\"elementor-icon-list-icon\">\n\t\t\t\t\t\t\t<svg aria-hidden=\"true\" class=\"e-font-icon-svg e-fas-arrow-right\" viewbox=\"0 0 448 512\" xmlns=\"http:\/\/www.w3.org\/2000\/svg\"><path d=\"M190.5 66.9l22.2-22.2c9.4-9.4 24.6-9.4 33.9 0L441 239c9.4 9.4 9.4 24.6 0 33.9L246.6 467.3c-9.4 9.4-24.6 9.4-33.9 0l-22.2-22.2c-9.5-9.5-9.3-25 .4-34.3L311.4 296H24c-13.3 0-24-10.7-24-24v-32c0-13.3 10.7-24 24-24h287.4L190.9 101.2c-9.8-9.3-10-24.8-.4-34.3z\"><\/path><\/svg>\t\t\t\t\t\t<\/span>\n\t\t\t\t\t\t\t\t\t\t<span class=\"elementor-icon-list-text\">Made to measure lightboxes<\/span>\n\t\t\t\t\t\t\t\t\t<\/li>\n\t\t\t\t\t\t\t\t<li class=\"elementor-icon-list-item\">\n\t\t\t\t\t\t\t\t\t\t\t<span class=\"elementor-icon-list-icon\">\n\t\t\t\t\t\t\t<svg aria-hidden=\"true\" class=\"e-font-icon-svg e-fas-arrow-right\" viewbox=\"0 0 448 512\" xmlns=\"http:\/\/www.w3.org\/2000\/svg\"><path d=\"M190.5 66.9l22.2-22.2c9.4-9.4 24.6-9.4 33.9 0L441 239c9.4 9.4 9.4 24.6 0 33.9L246.6 467.3c-9.4 9.4-24.6 9.4-33.9 0l-22.2-22.2c-9.5-9.5-9.3-25 .4-34.3L311.4 296H24c-13.3 0-24-10.7-24-24v-32c0-13.3 10.7-24 24-24h287.4L190.9 101.2c-9.8-9.3-10-24.8-.4-34.3z\"><\/path><\/svg>\t\t\t\t\t\t<\/span>\n\t\t\t\t\t\t\t\t\t\t<span class=\"elementor-icon-list-text\">Durable prints<\/span>\n\t\t\t\t\t\t\t\t\t<\/li>\n\t\t\t\t\t\t\t\t<li class=\"elementor-icon-list-item\">\n\t\t\t\t\t\t\t\t\t\t\t<span class=\"elementor-icon-list-icon\">\n\t\t\t\t\t\t\t<svg aria-hidden=\"true\" class=\"e-font-icon-svg e-fas-arrow-right\" viewbox=\"0 0 448 512\" xmlns=\"http:\/\/www.w3.org\/2000\/svg\"><path d=\"M190.5 66.9l22.2-22.2c9.4-9.4 24.6-9.4 33.9 0L441 239c9.4 9.4 9.4 24.6 0 33.9L246.6 467.3c-9.4 9.4-24.6 9.4-33.9 0l-22.2-22.2c-9.5-9.5-9.3-25 .4-34.3L311.4 296H24c-13.3 0-24-10.7-24-24v-32c0-13.3 10.7-24 24-24h287.4L190.9 101.2c-9.8-9.3-10-24.8-.4-34.3z\"><\/path><\/svg>\t\t\t\t\t\t<\/span>\n\t\t\t\t\t\t\t\t\t\t<span class=\"elementor-icon-list-text\">Balanced color distribution and stunning display using LED technology<\/span>\n\t\t\t\t\t\t\t\t\t<\/li>\n\t\t\t\t\t\t<\/ul>\n\t\t\t\t<\/div>\n\t\t\t\t<\/div>\n\t\t\t\t<\/div>\n\t\t\t\t<div class=\"elementor-element elementor-element-a8f2b0e carousel elementor-widget elementor-widget-image-carousel\" data-id=\"a8f2b0e\" data-element_type=\"widget\" data-settings=\"{&quot;slides_to_show&quot;:&quot;1&quot;,&quot;navigation&quot;:&quot;none&quot;,&quot;infinite&quot;:&quot;yes&quot;,&quot;effect&quot;:&quot;slide&quot;,&quot;speed&quot;:500}\" data-widget_type=\"image-carousel.default\">\n\t\t\t\t<div class=\"elementor-widget-container\">\n\t\t\t\t\t<div class=\"elementor-image-carousel-wrapper swiper\" dir=\"ltr\">\n\t\t\t<div class=\"elementor-image-carousel swiper-wrapper\" aria-live=\"polite\">\n\t\t\t\t\t\t\t\t<div class=\"swiper-slide\" role=\"group\" aria-roledescription=\"slide\" aria-label=\"1 of 11\" data-no-translation-aria-label=\"\"><a data-elementor-open-lightbox=\"yes\" data-elementor-lightbox-slideshow=\"a8f2b0e\" data-e-action-hash=\"#elementor-action%3Aaction%3Dlightbox%26settings%3DeyJpZCI6NjkxNiwidXJsIjoiaHR0cHM6XC9cL3d3dy5hdGVsaWVybXNlZ3Vpbi5jb21cL3dwLWNvbnRlbnRcL3VwbG9hZHNcLzIwMjRcLzEyXC9iYTAwLTEuanBnIiwic2xpZGVzaG93IjoiYThmMmIwZSJ9\" href=\"https:\/\/www.ateliermseguin.com\/wp-content\/uploads\/2024\/12\/ba00-1.jpg\"><figure class=\"swiper-slide-inner\"><img decoding=\"async\" class=\"swiper-slide-image\" src=\"https:\/\/www.ateliermseguin.com\/wp-content\/uploads\/2024\/12\/ba00-1.jpg\" alt=\"ba00\" \/><\/figure><\/a><\/div><div class=\"swiper-slide\" role=\"group\" aria-roledescription=\"slide\" aria-label=\"2 of 11\" data-no-translation-aria-label=\"\"><a data-elementor-open-lightbox=\"yes\" data-elementor-lightbox-slideshow=\"a8f2b0e\" data-e-action-hash=\"#elementor-action%3Aaction%3Dlightbox%26settings%3DeyJpZCI6NjkwMiwidXJsIjoiaHR0cHM6XC9cL3d3dy5hdGVsaWVybXNlZ3Vpbi5jb21cL3dwLWNvbnRlbnRcL3VwbG9hZHNcLzIwMjRcLzEyXC9iYTAxLmpwZyIsInNsaWRlc2hvdyI6ImE4ZjJiMGUifQ%3D%3D\" href=\"https:\/\/www.ateliermseguin.com\/wp-content\/uploads\/2024\/12\/ba01.jpg\"><figure class=\"swiper-slide-inner\"><img decoding=\"async\" class=\"swiper-slide-image\" src=\"https:\/\/www.ateliermseguin.com\/wp-content\/uploads\/2024\/12\/ba01.jpg\" alt=\"ba01\" \/><\/figure><\/a><\/div><div class=\"swiper-slide\" role=\"group\" aria-roledescription=\"slide\" aria-label=\"3 of 11\" data-no-translation-aria-label=\"\"><a data-elementor-open-lightbox=\"yes\" data-elementor-lightbox-slideshow=\"a8f2b0e\" data-e-action-hash=\"#elementor-action%3Aaction%3Dlightbox%26settings%3DeyJpZCI6NjkwNSwidXJsIjoiaHR0cHM6XC9cL3d3dy5hdGVsaWVybXNlZ3Vpbi5jb21cL3dwLWNvbnRlbnRcL3VwbG9hZHNcLzIwMjRcLzEyXC9iYTA0LmpwZyIsInNsaWRlc2hvdyI6ImE4ZjJiMGUifQ%3D%3D\" href=\"https:\/\/www.ateliermseguin.com\/wp-content\/uploads\/2024\/12\/ba04.jpg\"><figure class=\"swiper-slide-inner\"><img decoding=\"async\" class=\"swiper-slide-image\" src=\"https:\/\/www.ateliermseguin.com\/wp-content\/uploads\/2024\/12\/ba04.jpg\" alt=\"ba04\" \/><\/figure><\/a><\/div><div class=\"swiper-slide\" role=\"group\" aria-roledescription=\"slide\" aria-label=\"4 of 11\" data-no-translation-aria-label=\"\"><a data-elementor-open-lightbox=\"yes\" data-elementor-lightbox-slideshow=\"a8f2b0e\" data-e-action-hash=\"#elementor-action%3Aaction%3Dlightbox%26settings%3DeyJpZCI6NjkwNiwidXJsIjoiaHR0cHM6XC9cL3d3dy5hdGVsaWVybXNlZ3Vpbi5jb21cL3dwLWNvbnRlbnRcL3VwbG9hZHNcLzIwMjRcLzEyXC9iYTA1LmpwZyIsInNsaWRlc2hvdyI6ImE4ZjJiMGUifQ%3D%3D\" href=\"https:\/\/www.ateliermseguin.com\/wp-content\/uploads\/2024\/12\/ba05.jpg\"><figure class=\"swiper-slide-inner\"><img decoding=\"async\" class=\"swiper-slide-image\" src=\"https:\/\/www.ateliermseguin.com\/wp-content\/uploads\/2024\/12\/ba05.jpg\" alt=\"ba05\" \/><\/figure><\/a><\/div><div class=\"swiper-slide\" role=\"group\" aria-roledescription=\"slide\" aria-label=\"5 of 11\" data-no-translation-aria-label=\"\"><a data-elementor-open-lightbox=\"yes\" data-elementor-lightbox-slideshow=\"a8f2b0e\" data-e-action-hash=\"#elementor-action%3Aaction%3Dlightbox%26settings%3DeyJpZCI6NjkwOSwidXJsIjoiaHR0cHM6XC9cL3d3dy5hdGVsaWVybXNlZ3Vpbi5jb21cL3dwLWNvbnRlbnRcL3VwbG9hZHNcLzIwMjRcLzEyXC9iYTA4LmpwZyIsInNsaWRlc2hvdyI6ImE4ZjJiMGUifQ%3D%3D\" href=\"https:\/\/www.ateliermseguin.com\/wp-content\/uploads\/2024\/12\/ba08.jpg\"><figure class=\"swiper-slide-inner\"><img decoding=\"async\" class=\"swiper-slide-image\" src=\"https:\/\/www.ateliermseguin.com\/wp-content\/uploads\/2024\/12\/ba08.jpg\" alt=\"ba08\" \/><\/figure><\/a><\/div><div class=\"swiper-slide\" role=\"group\" aria-roledescription=\"slide\" aria-label=\"6 of 11\" data-no-translation-aria-label=\"\"><a data-elementor-open-lightbox=\"yes\" data-elementor-lightbox-slideshow=\"a8f2b0e\" data-e-action-hash=\"#elementor-action%3Aaction%3Dlightbox%26settings%3DeyJpZCI6NjkwMywidXJsIjoiaHR0cHM6XC9cL3d3dy5hdGVsaWVybXNlZ3Vpbi5jb21cL3dwLWNvbnRlbnRcL3VwbG9hZHNcLzIwMjRcLzEyXC9iYTAyLmpwZyIsInNsaWRlc2hvdyI6ImE4ZjJiMGUifQ%3D%3D\" href=\"https:\/\/www.ateliermseguin.com\/wp-content\/uploads\/2024\/12\/ba02.jpg\"><figure class=\"swiper-slide-inner\"><img decoding=\"async\" class=\"swiper-slide-image\" src=\"https:\/\/www.ateliermseguin.com\/wp-content\/uploads\/2024\/12\/ba02.jpg\" alt=\"ba02\" \/><\/figure><\/a><\/div><div class=\"swiper-slide\" role=\"group\" aria-roledescription=\"slide\" aria-label=\"7 of 11\" data-no-translation-aria-label=\"\"><a data-elementor-open-lightbox=\"yes\" data-elementor-lightbox-slideshow=\"a8f2b0e\" data-e-action-hash=\"#elementor-action%3Aaction%3Dlightbox%26settings%3DeyJpZCI6NjkwNCwidXJsIjoiaHR0cHM6XC9cL3d3dy5hdGVsaWVybXNlZ3Vpbi5jb21cL3dwLWNvbnRlbnRcL3VwbG9hZHNcLzIwMjRcLzEyXC9iYTAzLmpwZyIsInNsaWRlc2hvdyI6ImE4ZjJiMGUifQ%3D%3D\" href=\"https:\/\/www.ateliermseguin.com\/wp-content\/uploads\/2024\/12\/ba03.jpg\"><figure class=\"swiper-slide-inner\"><img decoding=\"async\" class=\"swiper-slide-image\" src=\"https:\/\/www.ateliermseguin.com\/wp-content\/uploads\/2024\/12\/ba03.jpg\" alt=\"ba03\" \/><\/figure><\/a><\/div><div class=\"swiper-slide\" role=\"group\" aria-roledescription=\"slide\" aria-label=\"8 of 11\" data-no-translation-aria-label=\"\"><a data-elementor-open-lightbox=\"yes\" data-elementor-lightbox-slideshow=\"a8f2b0e\" data-e-action-hash=\"#elementor-action%3Aaction%3Dlightbox%26settings%3DeyJpZCI6NjkwOCwidXJsIjoiaHR0cHM6XC9cL3d3dy5hdGVsaWVybXNlZ3Vpbi5jb21cL3dwLWNvbnRlbnRcL3VwbG9hZHNcLzIwMjRcLzEyXC9iYTA3LmpwZyIsInNsaWRlc2hvdyI6ImE4ZjJiMGUifQ%3D%3D\" href=\"https:\/\/www.ateliermseguin.com\/wp-content\/uploads\/2024\/12\/ba07.jpg\"><figure class=\"swiper-slide-inner\"><img decoding=\"async\" class=\"swiper-slide-image\" src=\"https:\/\/www.ateliermseguin.com\/wp-content\/uploads\/2024\/12\/ba07.jpg\" alt=\"ba07\" \/><\/figure><\/a><\/div><div class=\"swiper-slide\" role=\"group\" aria-roledescription=\"slide\" aria-label=\"9 of 11\" data-no-translation-aria-label=\"\"><a data-elementor-open-lightbox=\"yes\" data-elementor-lightbox-slideshow=\"a8f2b0e\" data-e-action-hash=\"#elementor-action%3Aaction%3Dlightbox%26settings%3DeyJpZCI6NjkxMCwidXJsIjoiaHR0cHM6XC9cL3d3dy5hdGVsaWVybXNlZ3Vpbi5jb21cL3dwLWNvbnRlbnRcL3VwbG9hZHNcLzIwMjRcLzEyXC9iYTA5LmpwZyIsInNsaWRlc2hvdyI6ImE4ZjJiMGUifQ%3D%3D\" href=\"https:\/\/www.ateliermseguin.com\/wp-content\/uploads\/2024\/12\/ba09.jpg\"><figure class=\"swiper-slide-inner\"><img decoding=\"async\" class=\"swiper-slide-image\" src=\"https:\/\/www.ateliermseguin.com\/wp-content\/uploads\/2024\/12\/ba09.jpg\" alt=\"ba09\" \/><\/figure><\/a><\/div><div class=\"swiper-slide\" role=\"group\" aria-roledescription=\"slide\" aria-label=\"10 of 11\" data-no-translation-aria-label=\"\"><a data-elementor-open-lightbox=\"yes\" data-elementor-lightbox-slideshow=\"a8f2b0e\" data-e-action-hash=\"#elementor-action%3Aaction%3Dlightbox%26settings%3DeyJpZCI6NjkxMSwidXJsIjoiaHR0cHM6XC9cL3d3dy5hdGVsaWVybXNlZ3Vpbi5jb21cL3dwLWNvbnRlbnRcL3VwbG9hZHNcLzIwMjRcLzEyXC9iYTEwLmpwZyIsInNsaWRlc2hvdyI6ImE4ZjJiMGUifQ%3D%3D\" href=\"https:\/\/www.ateliermseguin.com\/wp-content\/uploads\/2024\/12\/ba10.jpg\"><figure class=\"swiper-slide-inner\"><img decoding=\"async\" class=\"swiper-slide-image\" src=\"https:\/\/www.ateliermseguin.com\/wp-content\/uploads\/2024\/12\/ba10.jpg\" alt=\"ba10\" \/><\/figure><\/a><\/div><div class=\"swiper-slide\" role=\"group\" aria-roledescription=\"slide\" aria-label=\"11 of 11\" data-no-translation-aria-label=\"\"><a data-elementor-open-lightbox=\"yes\" data-elementor-lightbox-slideshow=\"a8f2b0e\" data-e-action-hash=\"#elementor-action%3Aaction%3Dlightbox%26settings%3DeyJpZCI6NjkxMiwidXJsIjoiaHR0cHM6XC9cL3d3dy5hdGVsaWVybXNlZ3Vpbi5jb21cL3dwLWNvbnRlbnRcL3VwbG9hZHNcLzIwMjRcLzEyXC9iYTExLmpwZyIsInNsaWRlc2hvdyI6ImE4ZjJiMGUifQ%3D%3D\" href=\"https:\/\/www.ateliermseguin.com\/wp-content\/uploads\/2024\/12\/ba11.jpg\"><figure class=\"swiper-slide-inner\"><img decoding=\"async\" class=\"swiper-slide-image\" src=\"https:\/\/www.ateliermseguin.com\/wp-content\/uploads\/2024\/12\/ba11.jpg\" alt=\"ba11\" \/><\/figure><\/a><\/div>\t\t\t<\/div>\n\t\t\t\t\t\t\t\n\t\t\t\t\t\t\t\t\t<\/div>\n\t\t\t\t<\/div>\n\t\t\t\t<\/div>\n\t\t\t\t\t<\/div>\n\t\t\t\t<\/div>\n\t\t\t\t<\/div>","protected":false},"excerpt":{"rendered":"<p>Sp\u00e9cial Prestation sur mesure r\u00e9tro\u00e9clairage diamond dust Prestation sur mesure r\u00e9tro\u00e9clairage diamond dust Ce proc\u00e9d\u00e9 permet d\u2019offrir un aspect unique \u00e0 votre \u0153uvre et de cr\u00e9er une ambiance selon les conditions d\u2019\u00e9clairage environnantes. Bo\u00eetes lumineuses fabriqu\u00e9es sur mesure Impressions durables Diffusion \u00e9quilibr\u00e9e et uniforme des couleurs gr\u00e2ce \u00e0 la technologie DEL<\/p>","protected":false},"author":1,"featured_media":0,"parent":0,"menu_order":0,"comment_status":"closed","ping_status":"closed","template":"","meta":{"footnotes":""},"class_list":["post-4281","page","type-page","status-publish","hentry"],"_links":{"self":[{"href":"https:\/\/www.ateliermseguin.com\/en\/wp-json\/wp\/v2\/pages\/4281","targetHints":{"allow":["GET"]}}],"collection":[{"href":"https:\/\/www.ateliermseguin.com\/en\/wp-json\/wp\/v2\/pages"}],"about":[{"href":"https:\/\/www.ateliermseguin.com\/en\/wp-json\/wp\/v2\/types\/page"}],"author":[{"embeddable":true,"href":"https:\/\/www.ateliermseguin.com\/en\/wp-json\/wp\/v2\/users\/1"}],"replies":[{"embeddable":true,"href":"https:\/\/www.ateliermseguin.com\/en\/wp-json\/wp\/v2\/comments?post=4281"}],"version-history":[{"count":10,"href":"https:\/\/www.ateliermseguin.com\/en\/wp-json\/wp\/v2\/pages\/4281\/revisions"}],"predecessor-version":[{"id":7388,"href":"https:\/\/www.ateliermseguin.com\/en\/wp-json\/wp\/v2\/pages\/4281\/revisions\/7388"}],"wp:attachment":[{"href":"https:\/\/www.ateliermseguin.com\/en\/wp-json\/wp\/v2\/media?parent=4281"}],"curies":[{"name":"wp","href":"https:\/\/api.w.org\/{rel}","templated":true}]}}